{"id":901,"date":"2024-06-06T20:24:37","date_gmt":"2024-06-06T20:24:37","guid":{"rendered":"https:\/\/i-mat.eu\/pacotes-de-trabalho\/"},"modified":"2025-05-26T17:12:26","modified_gmt":"2025-05-26T17:12:26","slug":"pacotes-de-trabalho","status":"publish","type":"page","link":"https:\/\/i-mat.eu\/pt-pt\/pacotes-de-trabalho\/","title":{"rendered":"Pacotes de trabalho"},"content":{"rendered":"\t\t<div data-elementor-type=\"wp-page\" data-elementor-id=\"901\" class=\"elementor elementor-901 elementor-25\" data-elementor-post-type=\"page\">\n\t\t\t\t<div class=\"elementor-element elementor-element-624986a e-flex e-con-boxed e-con e-parent\" data-id=\"624986a\" data-element_type=\"container\" data-e-type=\"container\" data-settings=\"{&quot;background_background&quot;:&quot;classic&quot;}\">\n\t\t\t\t\t<div class=\"e-con-inner\">\n\t\t\t\t<div class=\"elementor-element elementor-element-3e6132e elementor-widget elementor-widget-image\" data-id=\"3e6132e\" data-element_type=\"widget\" data-e-type=\"widget\" data-widget_type=\"image.default\">\n\t\t\t\t<div class=\"elementor-widget-container\">\n\t\t\t\t\t\t\t\t\t\t\t\t\t\t\t<img fetchpriority=\"high\" decoding=\"async\" width=\"1916\" height=\"640\" src=\"https:\/\/i-mat.eu\/wp-content\/uploads\/2024\/06\/BANNER_PROJECT.webp\" class=\"attachment-full size-full wp-image-809\" alt=\"\" srcset=\"https:\/\/i-mat.eu\/wp-content\/uploads\/2024\/06\/BANNER_PROJECT.webp 1916w, https:\/\/i-mat.eu\/wp-content\/uploads\/2024\/06\/BANNER_PROJECT-300x100.webp 300w, https:\/\/i-mat.eu\/wp-content\/uploads\/2024\/06\/BANNER_PROJECT-1024x342.webp 1024w, https:\/\/i-mat.eu\/wp-content\/uploads\/2024\/06\/BANNER_PROJECT-768x257.webp 768w, https:\/\/i-mat.eu\/wp-content\/uploads\/2024\/06\/BANNER_PROJECT-1536x513.webp 1536w\" sizes=\"(max-width: 1916px) 100vw, 1916px\" \/>\t\t\t\t\t\t\t\t\t\t\t\t\t\t\t<\/div>\n\t\t\t\t<\/div>\n\t\t\t\t\t<\/div>\n\t\t\t\t<\/div>\n\t\t<div class=\"elementor-element elementor-element-275865f e-flex e-con-boxed e-con e-parent\" data-id=\"275865f\" data-element_type=\"container\" data-e-type=\"container\">\n\t\t\t\t\t<div class=\"e-con-inner\">\n\t\t\t\t<div class=\"elementor-element elementor-element-257749c elementor-widget elementor-widget-heading\" data-id=\"257749c\" data-element_type=\"widget\" data-e-type=\"widget\" data-widget_type=\"heading.default\">\n\t\t\t\t<div class=\"elementor-widget-container\">\n\t\t\t\t\t<h1 class=\"elementor-heading-title elementor-size-default\">Pacotes de trabalho:\n<\/h1>\t\t\t\t<\/div>\n\t\t\t\t<\/div>\n\t\t\t\t<div class=\"elementor-element elementor-element-d294bdc elementor-tabs-view-vertical elementor-widget elementor-widget-tabs\" data-id=\"d294bdc\" data-element_type=\"widget\" data-e-type=\"widget\" data-widget_type=\"tabs.default\">\n\t\t\t\t<div class=\"elementor-widget-container\">\n\t\t\t\t\t\t\t<div class=\"elementor-tabs\">\n\t\t\t<div class=\"elementor-tabs-wrapper\" role=\"tablist\" >\n\t\t\t\t\t\t\t\t\t<div id=\"elementor-tab-title-2201\" class=\"elementor-tab-title elementor-tab-desktop-title\" aria-selected=\"true\" data-tab=\"1\" role=\"tab\" tabindex=\"0\" aria-controls=\"elementor-tab-content-2201\" aria-expanded=\"false\">PT1<\/div>\n\t\t\t\t\t\t\t\t\t<div id=\"elementor-tab-title-2202\" class=\"elementor-tab-title elementor-tab-desktop-title\" aria-selected=\"false\" data-tab=\"2\" role=\"tab\" tabindex=\"-1\" aria-controls=\"elementor-tab-content-2202\" aria-expanded=\"false\">PT2<\/div>\n\t\t\t\t\t\t\t\t\t<div id=\"elementor-tab-title-2203\" class=\"elementor-tab-title elementor-tab-desktop-title\" aria-selected=\"false\" data-tab=\"3\" role=\"tab\" tabindex=\"-1\" aria-controls=\"elementor-tab-content-2203\" aria-expanded=\"false\">PT3<\/div>\n\t\t\t\t\t\t\t\t\t<div id=\"elementor-tab-title-2204\" class=\"elementor-tab-title elementor-tab-desktop-title\" aria-selected=\"false\" data-tab=\"4\" role=\"tab\" tabindex=\"-1\" aria-controls=\"elementor-tab-content-2204\" aria-expanded=\"false\">PT4<\/div>\n\t\t\t\t\t\t\t\t\t<div id=\"elementor-tab-title-2205\" class=\"elementor-tab-title elementor-tab-desktop-title\" aria-selected=\"false\" data-tab=\"5\" role=\"tab\" tabindex=\"-1\" aria-controls=\"elementor-tab-content-2205\" aria-expanded=\"false\">PT5<\/div>\n\t\t\t\t\t\t\t\t\t<div id=\"elementor-tab-title-2206\" class=\"elementor-tab-title elementor-tab-desktop-title\" aria-selected=\"false\" data-tab=\"6\" role=\"tab\" tabindex=\"-1\" aria-controls=\"elementor-tab-content-2206\" aria-expanded=\"false\">PT7<\/div>\n\t\t\t\t\t\t\t<\/div>\n\t\t\t<div class=\"elementor-tabs-content-wrapper\" role=\"tablist\" aria-orientation=\"vertical\">\n\t\t\t\t\t\t\t\t\t<div class=\"elementor-tab-title elementor-tab-mobile-title\" aria-selected=\"true\" data-tab=\"1\" role=\"tab\" tabindex=\"0\" aria-controls=\"elementor-tab-content-2201\" aria-expanded=\"false\">PT1<\/div>\n\t\t\t\t\t<div id=\"elementor-tab-content-2201\" class=\"elementor-tab-content elementor-clearfix\" data-tab=\"1\" role=\"tabpanel\" aria-labelledby=\"elementor-tab-title-2201\" tabindex=\"0\" hidden=\"false\"><h2>Gest\u00e3o e coordena\u00e7\u00e3o do projeto<\/h2>\n<p><strong>L\u00edder:<\/strong> ULisboa<\/p>\n<p><strong>Objetivos:<\/strong><\/p>\n<ul>\n<li>Implementar a gest\u00e3o financeira e administrativa necess\u00e1ria do projeto.<\/li>\n<li>Realizar relat\u00f3rios de avalia\u00e7\u00e3o de qualidade e acompanhamento do projeto e das suas atividades.<\/li>\n<\/ul>\n<\/div>\n\t\t\t\t\t\t\t\t\t<div class=\"elementor-tab-title elementor-tab-mobile-title\" aria-selected=\"false\" data-tab=\"2\" role=\"tab\" tabindex=\"-1\" aria-controls=\"elementor-tab-content-2202\" aria-expanded=\"false\">PT2<\/div>\n\t\t\t\t\t<div id=\"elementor-tab-content-2202\" class=\"elementor-tab-content elementor-clearfix\" data-tab=\"2\" role=\"tabpanel\" aria-labelledby=\"elementor-tab-title-2202\" tabindex=\"0\" hidden=\"hidden\"><h2>Prepara\u00e7\u00e3o &#8211; relat\u00f3rio de situa\u00e7\u00e3o baseado em condi\u00e7\u00f5es e necessidades pr\u00e9-identificadas<\/h2>\n<p><strong>L\u00edder:<\/strong> Vilnius tech<\/p>\n<p><strong>Objetivos:<\/strong><\/p>\n<ul>\n<li>Produzir um relat\u00f3rio de situa\u00e7\u00e3o baseado em condi\u00e7\u00f5es e necessidades pr\u00e9-identificadas dos pa\u00edses da Am\u00e9rica Latina envolvidos sobre a participa\u00e7\u00e3o de estudantes, pessoal acad\u00e9mico e n\u00e3o acad\u00e9mico na Mobilidade Internacional.<\/li>\n<\/ul>\n<\/div>\n\t\t\t\t\t\t\t\t\t<div class=\"elementor-tab-title elementor-tab-mobile-title\" aria-selected=\"false\" data-tab=\"3\" role=\"tab\" tabindex=\"-1\" aria-controls=\"elementor-tab-content-2203\" aria-expanded=\"false\">PT3<\/div>\n\t\t\t\t\t<div id=\"elementor-tab-content-2203\" class=\"elementor-tab-content elementor-clearfix\" data-tab=\"3\" role=\"tabpanel\" aria-labelledby=\"elementor-tab-title-2203\" tabindex=\"0\" hidden=\"hidden\"><h2>Desenvolvimento &#8211; ferramentas inovadoras para atrair estudantes, pessoal acad\u00e9mico e n\u00e3o acad\u00e9mico para mobilidade internacional<\/h2>\n<p><strong>L\u00edder:<\/strong> UCSP<\/p>\n<p><strong>Objetivos:<\/strong><\/p>\n<ul>\n<li>Criar o Cat\u00e1logo de Ferramentas das melhores pr\u00e1ticas europeias para atrair estudantes, pessoal acad\u00e9mico e n\u00e3o acad\u00e9mico para mobilidade internacional, operado pelas universidades parceiras europeias.<\/li>\n<li>Adaptar o Cat\u00e1logo de Ferramentas \u00e0s institui\u00e7\u00f5es de ensino superior visadas &#8211; Am\u00e9rica Latina (primeira vers\u00e3o).<\/li>\n<li>Organizar e implementar o Workshop-Piloto sobre a primeira vers\u00e3o do Cat\u00e1logo de Ferramentas.<\/li>\n<\/ul>\n<\/div>\n\t\t\t\t\t\t\t\t\t<div class=\"elementor-tab-title elementor-tab-mobile-title\" aria-selected=\"false\" data-tab=\"4\" role=\"tab\" tabindex=\"-1\" aria-controls=\"elementor-tab-content-2204\" aria-expanded=\"false\">PT4<\/div>\n\t\t\t\t\t<div id=\"elementor-tab-content-2204\" class=\"elementor-tab-content elementor-clearfix\" data-tab=\"4\" role=\"tabpanel\" aria-labelledby=\"elementor-tab-title-2204\" tabindex=\"0\" hidden=\"hidden\"><h2>Desenvolvimento &#8211; aplica\u00e7\u00e3o interativa de mobilidade internacional \u201ci-MOB\u201d<\/h2>\n<p><strong>L\u00edder:<\/strong> AGH-UST<\/p>\n<p><strong>Objetivos:<\/strong><\/p>\n<ul>\n<li>Conceber e criar uma aplica\u00e7\u00e3o inovadora para promover a atratividade de estudantes, pessoal acad\u00e9mico e n\u00e3o acad\u00e9mico para mobilidade internacional.<\/li>\n<\/ul>\n<\/div>\n\t\t\t\t\t\t\t\t\t<div class=\"elementor-tab-title elementor-tab-mobile-title\" aria-selected=\"false\" data-tab=\"5\" role=\"tab\" tabindex=\"-1\" aria-controls=\"elementor-tab-content-2205\" aria-expanded=\"false\">PT5<\/div>\n\t\t\t\t\t<div id=\"elementor-tab-content-2205\" class=\"elementor-tab-content elementor-clearfix\" data-tab=\"5\" role=\"tabpanel\" aria-labelledby=\"elementor-tab-title-2205\" tabindex=\"0\" hidden=\"hidden\"><h2>Desenvolvimento &#8211; programas de forma\u00e7\u00e3o<\/h2>\n<p><strong>L\u00edder:<\/strong> ulisboa<\/p>\n<p><strong>Objetivos:<\/strong><\/p>\n<ul>\n<li>Criar e implementar um quadro de forma\u00e7\u00e3o para refor\u00e7ar a capacidade das IES da Am\u00e9rica Latina em atrair estudantes e pessoal acad\u00e9mico e n\u00e3o acad\u00e9mico para iniciativas de mobilidade, atrav\u00e9s de abordagens digitais e inovadoras.<\/li>\n<\/ul>\n<\/div>\n\t\t\t\t\t\t\t\t\t<div class=\"elementor-tab-title elementor-tab-mobile-title\" aria-selected=\"false\" data-tab=\"6\" role=\"tab\" tabindex=\"-1\" aria-controls=\"elementor-tab-content-2206\" aria-expanded=\"false\">PT7<\/div>\n\t\t\t\t\t<div id=\"elementor-tab-content-2206\" class=\"elementor-tab-content elementor-clearfix\" data-tab=\"6\" role=\"tabpanel\" aria-labelledby=\"elementor-tab-title-2206\" tabindex=\"0\" hidden=\"hidden\"><h2>Impacto  dissemina\u00e7\u00e3o &#8211; conte\u00fado promocional do projeto, dissemina\u00e7\u00e3o e sustentabilidade<\/h2>\n<p><strong>L\u00edder:<\/strong> uniandes<\/p>\n<p><strong>Objetivos:<\/strong><\/p>\n<ul>\n<li>N\u00edvel de microdissemina\u00e7\u00e3o: identificar utilizadores-alvo prim\u00e1rios locais (atores das IES parceiras) &#8211; estudantes, pessoal administrativo e acad\u00e9mico, com fun\u00e7\u00f5es relacionadas com a internacionaliza\u00e7\u00e3o.<\/li>\n<li>N\u00edvel de macrodissemina\u00e7\u00e3o: identificar o conjunto mais amplo de atores (organismos governamentais, Redes Universit\u00e1rias Nacionais, Universidades da mesma regi\u00e3o\/pa\u00eds, organiza\u00e7\u00f5es privadas), que ser\u00e3o alcan\u00e7ados pela divulga\u00e7\u00e3o de todos os resultados do projeto atrav\u00e9s de eventos nacionais, confer\u00eancias nacionais e internacionais, boletins informativos, comunicados de imprensa e o s\u00edtio Web do Projeto.<\/li>\n<\/ul>\n<\/div>\n\t\t\t\t\t\t\t<\/div>\n\t\t<\/div>\n\t\t\t\t\t\t<\/div>\n\t\t\t\t<\/div>\n\t\t\t\t\t<\/div>\n\t\t\t\t<\/div>\n\t\t\t\t<\/div>\n\t\t","protected":false},"excerpt":{"rendered":"<p>Pacotes de trabalho: PT1 PT2 PT3 PT4 PT5 PT7 PT1 Gest\u00e3o e coordena\u00e7\u00e3o do projeto L\u00edder: ULisboa Objetivos: Implementar a gest\u00e3o financeira e administrativa necess\u00e1ria do projeto. Realizar relat\u00f3rios de avalia\u00e7\u00e3o de qualidade e acompanhamento do projeto e das suas atividades. PT2 Prepara\u00e7\u00e3o &#8211; relat\u00f3rio de situa\u00e7\u00e3o baseado em condi\u00e7\u00f5es e necessidades pr\u00e9-identificadas L\u00edder: Vilnius [&hellip;]<\/p>\n","protected":false},"author":1,"featured_media":0,"parent":0,"menu_order":0,"comment_status":"closed","ping_status":"closed","template":"","meta":{"footnotes":""},"class_list":["post-901","page","type-page","status-publish","hentry"],"_links":{"self":[{"href":"https:\/\/i-mat.eu\/pt-pt\/wp-json\/wp\/v2\/pages\/901","targetHints":{"allow":["GET"]}}],"collection":[{"href":"https:\/\/i-mat.eu\/pt-pt\/wp-json\/wp\/v2\/pages"}],"about":[{"href":"https:\/\/i-mat.eu\/pt-pt\/wp-json\/wp\/v2\/types\/page"}],"author":[{"embeddable":true,"href":"https:\/\/i-mat.eu\/pt-pt\/wp-json\/wp\/v2\/users\/1"}],"replies":[{"embeddable":true,"href":"https:\/\/i-mat.eu\/pt-pt\/wp-json\/wp\/v2\/comments?post=901"}],"version-history":[{"count":1,"href":"https:\/\/i-mat.eu\/pt-pt\/wp-json\/wp\/v2\/pages\/901\/revisions"}],"predecessor-version":[{"id":902,"href":"https:\/\/i-mat.eu\/pt-pt\/wp-json\/wp\/v2\/pages\/901\/revisions\/902"}],"wp:attachment":[{"href":"https:\/\/i-mat.eu\/pt-pt\/wp-json\/wp\/v2\/media?parent=901"}],"curies":[{"name":"wp","href":"https:\/\/api.w.org\/{rel}","templated":true}]}}