{"id":897,"date":"2024-06-06T20:25:17","date_gmt":"2024-06-06T20:25:17","guid":{"rendered":"https:\/\/i-mat.eu\/resultados-e-eventos\/"},"modified":"2025-11-26T16:44:39","modified_gmt":"2025-11-26T16:44:39","slug":"resultados-e-eventos","status":"publish","type":"page","link":"https:\/\/i-mat.eu\/pt-pt\/resultados-e-eventos\/","title":{"rendered":"Resultados e eventos"},"content":{"rendered":"\t\t<div data-elementor-type=\"wp-page\" data-elementor-id=\"897\" class=\"elementor elementor-897 elementor-29\" data-elementor-post-type=\"page\">\n\t\t\t\t<div class=\"elementor-element elementor-element-dc39e79 e-con-full e-flex e-con e-parent\" data-id=\"dc39e79\" data-element_type=\"container\" data-e-type=\"container\">\n\t\t\t\t<div class=\"elementor-element elementor-element-e8ef3b0 elementor-widget elementor-widget-template\" data-id=\"e8ef3b0\" data-element_type=\"widget\" data-e-type=\"widget\" data-widget_type=\"template.default\">\n\t\t\t\t<div class=\"elementor-widget-container\">\n\t\t\t\t\t\t\t<div class=\"elementor-template\">\n\t\t\t\t\t<div data-elementor-type=\"container\" data-elementor-id=\"129\" class=\"elementor elementor-129\" data-elementor-post-type=\"elementor_library\">\n\t\t\t\t<div class=\"elementor-element elementor-element-3cebb8da e-flex e-con-boxed e-con e-parent\" data-id=\"3cebb8da\" data-element_type=\"container\" data-e-type=\"container\" data-settings=\"{&quot;background_background&quot;:&quot;classic&quot;}\">\n\t\t\t\t\t<div class=\"e-con-inner\">\n\t\t<div class=\"elementor-element elementor-element-785f7320 e-con-full e-flex e-con e-child\" data-id=\"785f7320\" data-element_type=\"container\" data-e-type=\"container\">\n\t\t\t\t<div class=\"elementor-element elementor-element-62f4e953 elementor-widget__width-inherit elementor-widget elementor-widget-heading\" data-id=\"62f4e953\" data-element_type=\"widget\" data-e-type=\"widget\" data-widget_type=\"heading.default\">\n\t\t\t\t<div class=\"elementor-widget-container\">\n\t\t\t\t\t<h1 class=\"elementor-heading-title elementor-size-default\">Resultados e eventos<\/h1>\t\t\t\t<\/div>\n\t\t\t\t<\/div>\n\t\t\t\t<div class=\"elementor-element elementor-element-8d1887f elementor-widget-divider--view-line elementor-widget elementor-widget-divider\" data-id=\"8d1887f\" data-element_type=\"widget\" data-e-type=\"widget\" data-widget_type=\"divider.default\">\n\t\t\t\t<div class=\"elementor-widget-container\">\n\t\t\t\t\t\t\t<div class=\"elementor-divider\">\n\t\t\t<span class=\"elementor-divider-separator\">\n\t\t\t\t\t\t<\/span>\n\t\t<\/div>\n\t\t\t\t\t\t<\/div>\n\t\t\t\t<\/div>\n\t\t\t\t<\/div>\n\t\t\t\t\t<\/div>\n\t\t\t\t<\/div>\n\t\t\t\t<\/div>\n\t\t\t\t<\/div>\n\t\t\t\t\t\t<\/div>\n\t\t\t\t<\/div>\n\t\t\t\t<\/div>\n\t\t<div class=\"elementor-element elementor-element-2e5e877 e-flex e-con-boxed e-con e-parent\" data-id=\"2e5e877\" data-element_type=\"container\" data-e-type=\"container\">\n\t\t\t\t\t<div class=\"e-con-inner\">\n\t\t\t\t<div class=\"elementor-element elementor-element-b965a9e elementor-widget elementor-widget-accordion\" data-id=\"b965a9e\" data-element_type=\"widget\" data-e-type=\"widget\" data-widget_type=\"accordion.default\">\n\t\t\t\t<div class=\"elementor-widget-container\">\n\t\t\t\t\t\t\t<div class=\"elementor-accordion\">\n\t\t\t\t\t\t\t<div class=\"elementor-accordion-item\">\n\t\t\t\t\t<div id=\"elementor-tab-title-1941\" class=\"elementor-tab-title\" data-tab=\"1\" role=\"button\" aria-controls=\"elementor-tab-content-1941\" aria-expanded=\"false\">\n\t\t\t\t\t\t\t\t\t\t\t\t\t<span class=\"elementor-accordion-icon elementor-accordion-icon-right\" aria-hidden=\"true\">\n\t\t\t\t\t\t\t\t\t\t\t\t\t\t\t<span class=\"elementor-accordion-icon-closed\"><svg class=\"e-font-icon-svg e-fas-chevron-down\" viewBox=\"0 0 448 512\" xmlns=\"http:\/\/www.w3.org\/2000\/svg\"><path d=\"M207.029 381.476L12.686 187.132c-9.373-9.373-9.373-24.569 0-33.941l22.667-22.667c9.357-9.357 24.522-9.375 33.901-.04L224 284.505l154.745-154.021c9.379-9.335 24.544-9.317 33.901.04l22.667 22.667c9.373 9.373 9.373 24.569 0 33.941L240.971 381.476c-9.373 9.372-24.569 9.372-33.942 0z\"><\/path><\/svg><\/span>\n\t\t\t\t\t\t\t\t<span class=\"elementor-accordion-icon-opened\"><svg class=\"e-font-icon-svg e-fas-chevron-up\" viewBox=\"0 0 448 512\" xmlns=\"http:\/\/www.w3.org\/2000\/svg\"><path d=\"M240.971 130.524l194.343 194.343c9.373 9.373 9.373 24.569 0 33.941l-22.667 22.667c-9.357 9.357-24.522 9.375-33.901.04L224 227.495 69.255 381.516c-9.379 9.335-24.544 9.317-33.901-.04l-22.667-22.667c-9.373-9.373-9.373-24.569 0-33.941L207.03 130.525c9.372-9.373 24.568-9.373 33.941-.001z\"><\/path><\/svg><\/span>\n\t\t\t\t\t\t\t\t\t\t\t\t\t\t<\/span>\n\t\t\t\t\t\t\t\t\t\t\t\t<a class=\"elementor-accordion-title\" tabindex=\"0\">Fase de prepara\u00e7\u00e3o<\/a>\n\t\t\t\t\t<\/div>\n\t\t\t\t\t<div id=\"elementor-tab-content-1941\" class=\"elementor-tab-content elementor-clearfix\" data-tab=\"1\" role=\"region\" aria-labelledby=\"elementor-tab-title-1941\"><p>The preparation phase consists of a status report based on surveys focusing on international mobility (implemented in the Latin American partner Institutions) and on a detailed overview of the activities conducted by project partner Institutions to encourage international mobility (Fact Finding Study Table).<\/p>\n<p><strong>Survey results: <\/strong><\/p>\n<p>The results of the Surveys implemented in the Latin American Countries is a culmination of two distinct surveys: one targeted towards students and the other towards staff members across six Higher Education Institutions in Brazil, Colombia, and Peru.<\/p>\n<p>The primary objective of these surveys was to gather comprehensive information on the current state of international mobility within the Latin American partner institutions.<\/p>\n<p>Consult <a href=\"https:\/\/drive.google.com\/file\/d\/1q2m3KK7g7O9bRcj9xF3iFYpBzcl3gnD1\/view\" target=\"_blank\" rel=\"noopener noreferrer nofollow\">here<\/a> the <a href=\"https:\/\/drive.google.com\/file\/d\/1q2m3KK7g7O9bRcj9xF3iFYpBzcl3gnD1\/view\" target=\"_blank\" rel=\"noopener noreferrer nofollow\">Report<\/a> on Survey results.<\/p>\n<p><strong>Fact Finding Study Table<\/strong><\/p>\n<p>The Fact Finding Study Table represents the set of descriptions of examples of good practices developed and implemented by all nine I-MAT project partners to encourage international mobility of students, academic and non-academic staff.<\/p>\n<p>Consult <a href=\"https:\/\/drive.google.com\/file\/d\/1R74LdpEI14D5hKWeX9o1NHUIhtlAudJV\/view\" target=\"_blank\" rel=\"noopener noreferrer nofollow\">here<\/a> the Fact Finding Study <a style=\"font-family: var( --e-global-typography-text-font-family ), Sans-serif; background-color: #ffffff; font-size: 1rem;\" href=\"https:\/\/drive.google.com\/file\/d\/1R74LdpEI14D5hKWeX9o1NHUIhtlAudJV\/view\" target=\"_blank\" rel=\"noopener noreferrer nofollow\">Table.<\/a><\/p>\n<\/div>\n\t\t\t\t<\/div>\n\t\t\t\t\t\t\t<div class=\"elementor-accordion-item\">\n\t\t\t\t\t<div id=\"elementor-tab-title-1942\" class=\"elementor-tab-title\" data-tab=\"2\" role=\"button\" aria-controls=\"elementor-tab-content-1942\" aria-expanded=\"false\">\n\t\t\t\t\t\t\t\t\t\t\t\t\t<span class=\"elementor-accordion-icon elementor-accordion-icon-right\" aria-hidden=\"true\">\n\t\t\t\t\t\t\t\t\t\t\t\t\t\t\t<span class=\"elementor-accordion-icon-closed\"><svg class=\"e-font-icon-svg e-fas-chevron-down\" viewBox=\"0 0 448 512\" xmlns=\"http:\/\/www.w3.org\/2000\/svg\"><path d=\"M207.029 381.476L12.686 187.132c-9.373-9.373-9.373-24.569 0-33.941l22.667-22.667c9.357-9.357 24.522-9.375 33.901-.04L224 284.505l154.745-154.021c9.379-9.335 24.544-9.317 33.901.04l22.667 22.667c9.373 9.373 9.373 24.569 0 33.941L240.971 381.476c-9.373 9.372-24.569 9.372-33.942 0z\"><\/path><\/svg><\/span>\n\t\t\t\t\t\t\t\t<span class=\"elementor-accordion-icon-opened\"><svg class=\"e-font-icon-svg e-fas-chevron-up\" viewBox=\"0 0 448 512\" xmlns=\"http:\/\/www.w3.org\/2000\/svg\"><path d=\"M240.971 130.524l194.343 194.343c9.373 9.373 9.373 24.569 0 33.941l-22.667 22.667c-9.357 9.357-24.522 9.375-33.901.04L224 227.495 69.255 381.516c-9.379 9.335-24.544 9.317-33.901-.04l-22.667-22.667c-9.373-9.373-9.373-24.569 0-33.941L207.03 130.525c9.372-9.373 24.568-9.373 33.941-.001z\"><\/path><\/svg><\/span>\n\t\t\t\t\t\t\t\t\t\t\t\t\t\t<\/span>\n\t\t\t\t\t\t\t\t\t\t\t\t<a class=\"elementor-accordion-title\" tabindex=\"0\">Fase de desenvolvimento<\/a>\n\t\t\t\t\t<\/div>\n\t\t\t\t\t<div id=\"elementor-tab-content-1942\" class=\"elementor-tab-content elementor-clearfix\" data-tab=\"2\" role=\"region\" aria-labelledby=\"elementor-tab-title-1942\"><p>A fase de desenvolvimento concentra-se em ferramentas inovadoras para atrair estudantes, pessoal acad\u00eamico e n\u00e3o acad\u00eamico para mobilidade internacional. Nesta etapa, <strong>a primeira vers\u00e3o das Diretrizes<\/strong> de ferramentas para atrair estudantes, pessoal acad\u00eamico e n\u00e3o acad\u00eamico para Mobilidade Internacional \u00e9 produzida, ap\u00f3s a organiza\u00e7\u00e3o e implementa\u00e7\u00e3o de um <strong>Workshop Piloto.<\/strong> <\/p>\n<p>Al\u00e9m disso, o <strong>Aplicativo Interativo de Mobilidade Internacional &#8220;I-MOB&#8221;<\/strong> e os <strong>Programas de Treinamento<\/strong> nas IES parceiras da AL para acad\u00eamicos e administradores que trabalham com estrat\u00e9gias de mobilidade internacional tamb\u00e9m acontecem nesta fase. Os programas de treinamento ser\u00e3o implementados em tr\u00eas etapas, um treinamento em cada IES dos pa\u00edses parceiros da AL. <\/p>\n<ul>\n<li><strong>Pilot Workshop:<\/strong><\/li>\n<\/ul>\n<p>The first version of the Catalogue of Tools was tested in a pilot workshop, includinG participants from EU and LA HEIs directly involved in \u201cinternational mobility\u201d strategies.<\/p>\n<p>The pilot-workshop serves as an opportunity to detect positive and negative aspects of the catalogue.<\/p>\n<p>Consult <a href=\"https:\/\/drive.google.com\/file\/d\/1BW4PevZ-pTyPOjN6mRExwgu5a4TXPhTg\/view\" target=\"_blank\" rel=\"noopener noreferrer nofollow\">here<\/a> the Content Report Based on the <a href=\"https:\/\/drive.google.com\/file\/d\/1BW4PevZ-pTyPOjN6mRExwgu5a4TXPhTg\/view\" target=\"_blank\" rel=\"noopener noreferrer nofollow\">Pilot-Workshop<\/a> <span style=\"color: var( --e-global-color-text ); font-family: var( --e-global-typography-text-font-family ), Sans-serif; font-weight: var( --e-global-typography-text-font-weight ); font-size: 1rem;\">on the first version of the Catalogue of Tools.<\/span><\/p>\n<ul>\n<li>I-MOB APP:<\/li>\n<\/ul>\n<p>The objectives of this work package is to design and create an innovative app to promote the attractiveness of students, academic and non-academic staff for international mobility.<\/p>\n<ul>\n<li><strong>Training Programmes<\/strong><\/li>\n<\/ul>\n<p>The main objective of the Training Programmes is to create and implement a training framework to strengthen the LA HEIs capacity in attracting students and academic and non-academic staff to mobility initiatives, through digital and innovative approaches.<\/p>\n<p>The training programmes was implemented in three slots: one training in each LA partner.<\/p>\n<p>Consult <a href=\"https:\/\/drive.google.com\/file\/d\/1kkMclOH1n-JhARi9y9XHYuNAnKBjWigY\/view?usp=sharing\" target=\"_blank\" rel=\"noopener noreferrer nofollow\">here<\/a> the <a href=\"https:\/\/drive.google.com\/file\/d\/1kkMclOH1n-JhARi9y9XHYuNAnKBjWigY\/view?usp=sharing\" target=\"_blank\" rel=\"noopener noreferrer nofollow\">summary <\/a>of the training programmes.<\/p>\n<\/div>\n\t\t\t\t<\/div>\n\t\t\t\t\t\t\t<div class=\"elementor-accordion-item\">\n\t\t\t\t\t<div id=\"elementor-tab-title-1943\" class=\"elementor-tab-title\" data-tab=\"3\" role=\"button\" aria-controls=\"elementor-tab-content-1943\" aria-expanded=\"false\">\n\t\t\t\t\t\t\t\t\t\t\t\t\t<span class=\"elementor-accordion-icon elementor-accordion-icon-right\" aria-hidden=\"true\">\n\t\t\t\t\t\t\t\t\t\t\t\t\t\t\t<span class=\"elementor-accordion-icon-closed\"><svg class=\"e-font-icon-svg e-fas-chevron-down\" viewBox=\"0 0 448 512\" xmlns=\"http:\/\/www.w3.org\/2000\/svg\"><path d=\"M207.029 381.476L12.686 187.132c-9.373-9.373-9.373-24.569 0-33.941l22.667-22.667c9.357-9.357 24.522-9.375 33.901-.04L224 284.505l154.745-154.021c9.379-9.335 24.544-9.317 33.901.04l22.667 22.667c9.373 9.373 9.373 24.569 0 33.941L240.971 381.476c-9.373 9.372-24.569 9.372-33.942 0z\"><\/path><\/svg><\/span>\n\t\t\t\t\t\t\t\t<span class=\"elementor-accordion-icon-opened\"><svg class=\"e-font-icon-svg e-fas-chevron-up\" viewBox=\"0 0 448 512\" xmlns=\"http:\/\/www.w3.org\/2000\/svg\"><path d=\"M240.971 130.524l194.343 194.343c9.373 9.373 9.373 24.569 0 33.941l-22.667 22.667c-9.357 9.357-24.522 9.375-33.901.04L224 227.495 69.255 381.516c-9.379 9.335-24.544 9.317-33.901-.04l-22.667-22.667c-9.373-9.373-9.373-24.569 0-33.941L207.03 130.525c9.372-9.373 24.568-9.373 33.941-.001z\"><\/path><\/svg><\/span>\n\t\t\t\t\t\t\t\t\t\t\t\t\t\t<\/span>\n\t\t\t\t\t\t\t\t\t\t\t\t<a class=\"elementor-accordion-title\" tabindex=\"0\">Fase de implementa\u00e7\u00e3o<\/a>\n\t\t\t\t\t<\/div>\n\t\t\t\t\t<div id=\"elementor-tab-content-1943\" class=\"elementor-tab-content elementor-clearfix\" data-tab=\"3\" role=\"region\" aria-labelledby=\"elementor-tab-title-1943\"><p>A fase de Implementa\u00e7\u00e3o consiste na organiza\u00e7\u00e3o de atividades nas IES da AL para atrair estudantes, pessoal acad\u00eamico e n\u00e3o acad\u00eamico para Mobilidade Internacional (<strong>Laborat\u00f3rios de Mobilidade Internacional<\/strong> e <strong>Exposi\u00e7\u00f5es de Mobilidade Internacional)<\/strong>. Estas atividades visam implementar as habilidades adquiridas durante o projeto com o objetivo espec\u00edfico de atrair estudantes e pessoal para mobilidade internacional e promover apropria\u00e7\u00e3o. <\/p>\n<ul>\n<li><strong>Laborat\u00f3rios de mobilidade internacional<\/strong><\/li>\n<\/ul>\n<p>O objetivo destes Laborat\u00f3rios \u00e9 tornar as informa\u00e7\u00f5es sobre internacionaliza\u00e7\u00e3o mais acess\u00edveis e did\u00e1ticas, convidando a comunidade acad\u00eamica a participar de atividades que os conscientizem sobre os diferentes programas de mobilidade oferecidos por suas universidades.<\/p>\n<p>Os Laborat\u00f3rios de Mobilidade Internacional aconteceram na UNIANDES, UFRN e UCSP.<\/p>\n<p>Consulte <a href=\"https:\/\/drive.google.com\/file\/d\/1OGxxCM5it4gM9gfd9aZJj_cY2HN9LGUk\/view\" target=\"_blank\" rel=\"noopener noreferrer nofollow\">aqui<\/a> o <a href=\"https:\/\/drive.google.com\/file\/d\/1OGxxCM5it4gM9gfd9aZJj_cY2HN9LGUk\/view\" target=\"_blank\" rel=\"noopener noreferrer nofollow\">Relat\u00f3rio<\/a><span style=\"font-size: 1rem;\"> dos <\/span><span style=\"font-size: 1rem;\">Laborat\u00f3rios de Mobilidade Internacional.<\/span><\/p>\n<p><span style=\"font-size: 1rem;\">Consulte <\/span><a href=\"https:\/\/drive.google.com\/file\/d\/16A8x56RiwXziTFknu9ruzxbtlH300i4v\/view\" target=\"_blank\" rel=\"noopener noreferrer nofollow\">aqui<\/a><span style=\"font-size: 1rem;\"> a <\/span><a href=\"https:\/\/drive.google.com\/file\/d\/16A8x56RiwXziTFknu9ruzxbtlH300i4v\/view\" target=\"_blank\" rel=\"noopener noreferrer nofollow\">pesquisa de participa\u00e7\u00e3o<\/a> dos laborat\u00f3rios de mobilidade internacional.<\/p>\n<ul>\n<li><strong>Exposi\u00e7\u00f5es de mobilidade internacional<\/strong><\/li>\n<\/ul>\n<p>A implementa\u00e7\u00e3o das Exposi\u00e7\u00f5es de Mobilidade Internacional ter\u00e1 como principal objetivo informar estudantes, pessoal acad\u00eamico e n\u00e3o acad\u00eamico sobre a realidade da mobilidade internacional atrav\u00e9s de apresenta\u00e7\u00f5es de programas de mobilidade, depoimentos, etc. As atividades ter\u00e3o um conte\u00fado mais ilustrativo e expositivo, que promover\u00e1 o ideal de internacionaliza\u00e7\u00e3o na IES que sedia este evento. <\/p>\n<p>As Exposi\u00e7\u00f5es de Mobilidade Internacional aconteceram na UNIFOR, PUCP, PUJ.<\/p>\n<\/div>\n\t\t\t\t<\/div>\n\t\t\t\t\t\t\t\t<\/div>\n\t\t\t\t\t\t<\/div>\n\t\t\t\t<\/div>\n\t\t\t\t\t<\/div>\n\t\t\t\t<\/div>\n\t\t\t\t<\/div>\n\t\t","protected":false},"excerpt":{"rendered":"<p>Fase de prepara\u00e7\u00e3o The preparation phase consists of a status report based on surveys focusing on international mobility (implemented in the Latin American partner Institutions) and on a detailed overview of the activities conducted by project partner Institutions to encourage international mobility (Fact Finding Study Table). Survey results: The results of the Surveys implemented in [&hellip;]<\/p>\n","protected":false},"author":1,"featured_media":811,"parent":0,"menu_order":0,"comment_status":"closed","ping_status":"closed","template":"","meta":{"footnotes":""},"class_list":["post-897","page","type-page","status-publish","has-post-thumbnail","hentry"],"_links":{"self":[{"href":"https:\/\/i-mat.eu\/pt-pt\/wp-json\/wp\/v2\/pages\/897","targetHints":{"allow":["GET"]}}],"collection":[{"href":"https:\/\/i-mat.eu\/pt-pt\/wp-json\/wp\/v2\/pages"}],"about":[{"href":"https:\/\/i-mat.eu\/pt-pt\/wp-json\/wp\/v2\/types\/page"}],"author":[{"embeddable":true,"href":"https:\/\/i-mat.eu\/pt-pt\/wp-json\/wp\/v2\/users\/1"}],"replies":[{"embeddable":true,"href":"https:\/\/i-mat.eu\/pt-pt\/wp-json\/wp\/v2\/comments?post=897"}],"version-history":[{"count":2,"href":"https:\/\/i-mat.eu\/pt-pt\/wp-json\/wp\/v2\/pages\/897\/revisions"}],"predecessor-version":[{"id":1404,"href":"https:\/\/i-mat.eu\/pt-pt\/wp-json\/wp\/v2\/pages\/897\/revisions\/1404"}],"wp:featuredmedia":[{"embeddable":true,"href":"https:\/\/i-mat.eu\/pt-pt\/wp-json\/wp\/v2\/media\/811"}],"wp:attachment":[{"href":"https:\/\/i-mat.eu\/pt-pt\/wp-json\/wp\/v2\/media?parent=897"}],"curies":[{"name":"wp","href":"https:\/\/api.w.org\/{rel}","templated":true}]}}