{"id":893,"date":"2024-06-06T20:23:35","date_gmt":"2024-06-06T20:23:35","guid":{"rendered":"https:\/\/i-mat.eu\/projeto\/"},"modified":"2025-05-26T17:03:07","modified_gmt":"2025-05-26T17:03:07","slug":"projeto","status":"publish","type":"page","link":"https:\/\/i-mat.eu\/pt-pt\/projeto\/","title":{"rendered":"Projeto"},"content":{"rendered":"\t\t<div data-elementor-type=\"wp-page\" data-elementor-id=\"893\" class=\"elementor elementor-893 elementor-18\" data-elementor-post-type=\"page\">\n\t\t\t\t<div class=\"elementor-element elementor-element-149b79d e-flex e-con-boxed e-con e-parent\" data-id=\"149b79d\" data-element_type=\"container\" data-e-type=\"container\" data-settings=\"{&quot;background_background&quot;:&quot;classic&quot;}\">\n\t\t\t\t\t<div class=\"e-con-inner\">\n\t\t\t\t<div class=\"elementor-element elementor-element-fcee71e elementor-widget elementor-widget-image\" data-id=\"fcee71e\" data-element_type=\"widget\" data-e-type=\"widget\" data-widget_type=\"image.default\">\n\t\t\t\t<div class=\"elementor-widget-container\">\n\t\t\t\t\t\t\t\t\t\t\t\t\t\t\t<img fetchpriority=\"high\" decoding=\"async\" width=\"1916\" height=\"640\" src=\"https:\/\/i-mat.eu\/wp-content\/uploads\/2024\/06\/BANNER_PROJECT.webp\" class=\"attachment-full size-full wp-image-809\" alt=\"\" srcset=\"https:\/\/i-mat.eu\/wp-content\/uploads\/2024\/06\/BANNER_PROJECT.webp 1916w, https:\/\/i-mat.eu\/wp-content\/uploads\/2024\/06\/BANNER_PROJECT-300x100.webp 300w, https:\/\/i-mat.eu\/wp-content\/uploads\/2024\/06\/BANNER_PROJECT-1024x342.webp 1024w, https:\/\/i-mat.eu\/wp-content\/uploads\/2024\/06\/BANNER_PROJECT-768x257.webp 768w, https:\/\/i-mat.eu\/wp-content\/uploads\/2024\/06\/BANNER_PROJECT-1536x513.webp 1536w\" sizes=\"(max-width: 1916px) 100vw, 1916px\" \/>\t\t\t\t\t\t\t\t\t\t\t\t\t\t\t<\/div>\n\t\t\t\t<\/div>\n\t\t\t\t\t<\/div>\n\t\t\t\t<\/div>\n\t\t<div class=\"elementor-element elementor-element-4d97fab e-flex e-con-boxed e-con e-parent\" data-id=\"4d97fab\" data-element_type=\"container\" data-e-type=\"container\">\n\t\t\t\t\t<div class=\"e-con-inner\">\n\t\t\t\t<div class=\"elementor-element elementor-element-44777dd elementor-widget elementor-widget-heading\" data-id=\"44777dd\" data-element_type=\"widget\" data-e-type=\"widget\" data-widget_type=\"heading.default\">\n\t\t\t\t<div class=\"elementor-widget-container\">\n\t\t\t\t\t<h1 class=\"elementor-heading-title elementor-size-default\">Sobre<\/h1>\t\t\t\t<\/div>\n\t\t\t\t<\/div>\n\t\t\t\t<div class=\"elementor-element elementor-element-9d39d3d elementor-widget elementor-widget-text-editor\" data-id=\"9d39d3d\" data-element_type=\"widget\" data-e-type=\"widget\" data-widget_type=\"text-editor.default\">\n\t\t\t\t<div class=\"elementor-widget-container\">\n\t\t\t\t\t\t\t\t\t<p>O Innovative Mobility Attracting Tools for Latin America (I-MAT) nasceu durante uma experi\u00eancia internacional partilhada que ocorreu noutro pa\u00eds, noutro continente. Esta foi a oportunidade perfeita para lan\u00e7ar as primeiras sementes que reuniriam a nossa ideia.<\/p><p>Que problemas s\u00e3o prementes na atra\u00e7\u00e3o de estudantes, pessoal acad\u00e9mico e n\u00e3o acad\u00e9mico para experienciar oportunidades de mobilidade? Onde pode esta a\u00e7\u00e3o melhorar as capacidades de gest\u00e3o e administrativas dos gabinetes de rela\u00e7\u00f5es internacionais e a sua estrat\u00e9gia de internacionaliza\u00e7\u00e3o? Como podemos capacitar estas organiza\u00e7\u00f5es para apoiar a mobilidade de estudantes e pessoal? Com estas quest\u00f5es iniciais, a ideia do I-MAT come\u00e7ou a crescer.<\/p><p>As nove institui\u00e7\u00f5es que participam no I-MAT s\u00e3o provenientes de 6 pa\u00edses: Brasil, Col\u00f4mbia, Litu\u00e2nia, Pol\u00f3nia, Portugal e Peru. A rede e colabora\u00e7\u00f5es j\u00e1 existentes entre estas institui\u00e7\u00f5es foram elementos-chave na defini\u00e7\u00e3o dos parceiros do cons\u00f3rcio para o projeto, aumentando a motiva\u00e7\u00e3o no \u00e2mbito dos objetivos do projeto, a transfer\u00eancia de conhecimentos, experi\u00eancias e boas pr\u00e1ticas.<\/p><p>Espera-se que as atividades planeadas respondam \u00e0s prioridades abrangentes para a Am\u00e9rica Latina, contribuindo para a transforma\u00e7\u00e3o digital das Institui\u00e7\u00f5es de Ensino Superior envolvidas, aumentando a competitividade, reduzindo o fosso digital e desenvolvendo a literacia e compet\u00eancias digitais.<\/p><p>O I-MAT reunir\u00e1 atores europeus experientes na \u00e1rea da mobilidade e coopera\u00e7\u00e3o internacional, que contribuir\u00e3o com o seu substancial conhecimento e experi\u00eancia nestas mat\u00e9rias, para melhor compreender e apoiar as Institui\u00e7\u00f5es de Ensino Superior parceiras da Am\u00e9rica Latina (Peru, Brasil e Col\u00f4mbia) na atra\u00e7\u00e3o de estudantes e pessoal acad\u00e9mico e n\u00e3o acad\u00e9mico para iniciativas de mobilidade atrav\u00e9s de abordagens digitais e inovadoras.<\/p><p><strong>Luis A. Moreira (Coordenador do I-MAT) e Joanne Laranjeiro (Gestora de Projeto do I-MAT)<\/strong><\/p>\t\t\t\t\t\t\t\t<\/div>\n\t\t\t\t<\/div>\n\t\t\t\t\t<\/div>\n\t\t\t\t<\/div>\n\t\t\t\t<\/div>\n\t\t","protected":false},"excerpt":{"rendered":"<p>Sobre O Innovative Mobility Attracting Tools for Latin America (I-MAT) nasceu durante uma experi\u00eancia internacional partilhada que ocorreu noutro pa\u00eds, noutro continente. Esta foi a oportunidade perfeita para lan\u00e7ar as primeiras sementes que reuniriam a nossa ideia. Que problemas s\u00e3o prementes na atra\u00e7\u00e3o de estudantes, pessoal acad\u00e9mico e n\u00e3o acad\u00e9mico para experienciar oportunidades de mobilidade? [&hellip;]<\/p>\n","protected":false},"author":1,"featured_media":809,"parent":0,"menu_order":0,"comment_status":"closed","ping_status":"closed","template":"","meta":{"footnotes":""},"class_list":["post-893","page","type-page","status-publish","has-post-thumbnail","hentry"],"_links":{"self":[{"href":"https:\/\/i-mat.eu\/pt-pt\/wp-json\/wp\/v2\/pages\/893","targetHints":{"allow":["GET"]}}],"collection":[{"href":"https:\/\/i-mat.eu\/pt-pt\/wp-json\/wp\/v2\/pages"}],"about":[{"href":"https:\/\/i-mat.eu\/pt-pt\/wp-json\/wp\/v2\/types\/page"}],"author":[{"embeddable":true,"href":"https:\/\/i-mat.eu\/pt-pt\/wp-json\/wp\/v2\/users\/1"}],"replies":[{"embeddable":true,"href":"https:\/\/i-mat.eu\/pt-pt\/wp-json\/wp\/v2\/comments?post=893"}],"version-history":[{"count":1,"href":"https:\/\/i-mat.eu\/pt-pt\/wp-json\/wp\/v2\/pages\/893\/revisions"}],"predecessor-version":[{"id":894,"href":"https:\/\/i-mat.eu\/pt-pt\/wp-json\/wp\/v2\/pages\/893\/revisions\/894"}],"wp:featuredmedia":[{"embeddable":true,"href":"https:\/\/i-mat.eu\/pt-pt\/wp-json\/wp\/v2\/media\/809"}],"wp:attachment":[{"href":"https:\/\/i-mat.eu\/pt-pt\/wp-json\/wp\/v2\/media?parent=893"}],"curies":[{"name":"wp","href":"https:\/\/api.w.org\/{rel}","templated":true}]}}