{"id":885,"date":"2024-06-06T20:23:58","date_gmt":"2024-06-06T20:23:58","guid":{"rendered":"https:\/\/i-mat.eu\/objetivos\/"},"modified":"2025-05-26T17:01:16","modified_gmt":"2025-05-26T17:01:16","slug":"objetivos","status":"publish","type":"page","link":"https:\/\/i-mat.eu\/pt-pt\/objetivos\/","title":{"rendered":"Objetivos"},"content":{"rendered":"\t\t<div data-elementor-type=\"wp-page\" data-elementor-id=\"885\" class=\"elementor elementor-885 elementor-20\" data-elementor-post-type=\"page\">\n\t\t\t\t<div class=\"elementor-element elementor-element-276e2ca e-flex e-con-boxed e-con e-parent\" data-id=\"276e2ca\" data-element_type=\"container\" data-e-type=\"container\" data-settings=\"{&quot;background_background&quot;:&quot;classic&quot;}\">\n\t\t\t\t\t<div class=\"e-con-inner\">\n\t\t\t\t<div class=\"elementor-element elementor-element-b988545 elementor-widget elementor-widget-image\" data-id=\"b988545\" data-element_type=\"widget\" data-e-type=\"widget\" data-widget_type=\"image.default\">\n\t\t\t\t<div class=\"elementor-widget-container\">\n\t\t\t\t\t\t\t\t\t\t\t\t\t\t\t<img fetchpriority=\"high\" decoding=\"async\" width=\"1916\" height=\"640\" src=\"http:\/\/i-mat.eu\/wp-content\/uploads\/2024\/06\/BANNER_PROJECT.webp\" class=\"attachment-full size-full wp-image-809\" alt=\"\" srcset=\"http:\/\/i-mat.eu\/wp-content\/uploads\/2024\/06\/BANNER_PROJECT.webp 1916w, http:\/\/i-mat.eu\/wp-content\/uploads\/2024\/06\/BANNER_PROJECT-300x100.webp 300w, http:\/\/i-mat.eu\/wp-content\/uploads\/2024\/06\/BANNER_PROJECT-1024x342.webp 1024w, http:\/\/i-mat.eu\/wp-content\/uploads\/2024\/06\/BANNER_PROJECT-768x257.webp 768w, http:\/\/i-mat.eu\/wp-content\/uploads\/2024\/06\/BANNER_PROJECT-1536x513.webp 1536w\" sizes=\"(max-width: 1916px) 100vw, 1916px\" \/>\t\t\t\t\t\t\t\t\t\t\t\t\t\t\t<\/div>\n\t\t\t\t<\/div>\n\t\t\t\t\t<\/div>\n\t\t\t\t<\/div>\n\t\t<div class=\"elementor-element elementor-element-46569e5 e-flex e-con-boxed e-con e-parent\" data-id=\"46569e5\" data-element_type=\"container\" data-e-type=\"container\">\n\t\t\t\t\t<div class=\"e-con-inner\">\n\t\t\t\t<div class=\"elementor-element elementor-element-f92ad1d elementor-widget elementor-widget-text-editor\" data-id=\"f92ad1d\" data-element_type=\"widget\" data-e-type=\"widget\" data-widget_type=\"text-editor.default\">\n\t\t\t\t<div class=\"elementor-widget-container\">\n\t\t\t\t\t\t\t\t\t<h4>O principal objetivo do i-MAT \u00e9 capacitar as Institui\u00e7\u00f5es de Ensino Superior (IES) da Am\u00e9rica Latina (Col\u00f4mbia, Peru e Brasil) para atrair estudantes e pessoal acad\u00e9mico e n\u00e3o acad\u00e9mico para iniciativas de mobilidade, atrav\u00e9s de abordagens digitais e inovadoras<\/h4>\t\t\t\t\t\t\t\t<\/div>\n\t\t\t\t<\/div>\n\t\t\t\t<div class=\"elementor-element elementor-element-9b99fc4 elementor-widget-divider--view-line elementor-widget elementor-widget-divider\" data-id=\"9b99fc4\" data-element_type=\"widget\" data-e-type=\"widget\" data-widget_type=\"divider.default\">\n\t\t\t\t<div class=\"elementor-widget-container\">\n\t\t\t\t\t\t\t<div class=\"elementor-divider\">\n\t\t\t<span class=\"elementor-divider-separator\">\n\t\t\t\t\t\t<\/span>\n\t\t<\/div>\n\t\t\t\t\t\t<\/div>\n\t\t\t\t<\/div>\n\t\t\t\t<div class=\"elementor-element elementor-element-4f1d2e5 elementor-widget elementor-widget-heading\" data-id=\"4f1d2e5\" data-element_type=\"widget\" data-e-type=\"widget\" data-widget_type=\"heading.default\">\n\t\t\t\t<div class=\"elementor-widget-container\">\n\t\t\t\t\t<h1 class=\"elementor-heading-title elementor-size-default\">Objetivos espec\u00edficos\n<\/h1>\t\t\t\t<\/div>\n\t\t\t\t<\/div>\n\t\t\t\t<div class=\"elementor-element elementor-element-09e5d3b elementor-widget elementor-widget-text-editor\" data-id=\"09e5d3b\" data-element_type=\"widget\" data-e-type=\"widget\" data-widget_type=\"text-editor.default\">\n\t\t\t\t<div class=\"elementor-widget-container\">\n\t\t\t\t\t\t\t\t\t<p><br><strong>O1:<\/strong> Reunir os principais intervenientes dos Pa\u00edses Europeus, respons\u00e1veis pela mobilidade internacional e coopera\u00e7\u00e3o.<\/p><p><strong>O2:<\/strong> Compreender melhor os desafios que estes tr\u00eas pa\u00edses enfrentam para atrair estudantes e pessoal acad\u00e9mico e n\u00e3o acad\u00e9mico para iniciativas de mobilidade e a sua exacerba\u00e7\u00e3o pela pandemia de COVID-19.<\/p><p><strong>O3:<\/strong> Filtrar as melhores pr\u00e1ticas\/estrat\u00e9gias utilizadas nas IES europeias para atrair o grupo-alvo para iniciativas de mobilidade, atrav\u00e9s de abordagens digitais e inovadoras.<\/p><p><strong>O4:<\/strong> Apoiar os pa\u00edses parceiros da Am\u00e9rica Latina (AL) na abordagem dos desafios que as suas IES enfrentam para atrair o grupo-alvo para iniciativas de mobilidade.<\/p><p><strong>O5: <\/strong>Abordar recomenda\u00e7\u00f5es concretas e boas pr\u00e1ticas para os envolvidos em iniciativas de mobilidade.<\/p><p><strong>O6:<\/strong> Criar e implementar um quadro de forma\u00e7\u00e3o para refor\u00e7ar a capacidade das IES da AL de atrair o grupo-alvo para iniciativas de mobilidade, atrav\u00e9s de abordagens digitais e inovadoras.<\/p>\t\t\t\t\t\t\t\t<\/div>\n\t\t\t\t<\/div>\n\t\t\t\t\t<\/div>\n\t\t\t\t<\/div>\n\t\t\t\t<\/div>\n\t\t","protected":false},"excerpt":{"rendered":"<p>O principal objetivo do i-MAT \u00e9 capacitar as Institui\u00e7\u00f5es de Ensino Superior (IES) da Am\u00e9rica Latina (Col\u00f4mbia, Peru e Brasil) para atrair estudantes e pessoal acad\u00e9mico e n\u00e3o acad\u00e9mico para iniciativas de mobilidade, atrav\u00e9s de abordagens digitais e inovadoras Objetivos espec\u00edficos O1: Reunir os principais intervenientes dos Pa\u00edses Europeus, respons\u00e1veis pela mobilidade internacional e coopera\u00e7\u00e3o. [&hellip;]<\/p>\n","protected":false},"author":1,"featured_media":0,"parent":0,"menu_order":0,"comment_status":"closed","ping_status":"closed","template":"","meta":{"footnotes":""},"class_list":["post-885","page","type-page","status-publish","hentry"],"_links":{"self":[{"href":"https:\/\/i-mat.eu\/pt-pt\/wp-json\/wp\/v2\/pages\/885","targetHints":{"allow":["GET"]}}],"collection":[{"href":"https:\/\/i-mat.eu\/pt-pt\/wp-json\/wp\/v2\/pages"}],"about":[{"href":"https:\/\/i-mat.eu\/pt-pt\/wp-json\/wp\/v2\/types\/page"}],"author":[{"embeddable":true,"href":"https:\/\/i-mat.eu\/pt-pt\/wp-json\/wp\/v2\/users\/1"}],"replies":[{"embeddable":true,"href":"https:\/\/i-mat.eu\/pt-pt\/wp-json\/wp\/v2\/comments?post=885"}],"version-history":[{"count":1,"href":"https:\/\/i-mat.eu\/pt-pt\/wp-json\/wp\/v2\/pages\/885\/revisions"}],"predecessor-version":[{"id":886,"href":"https:\/\/i-mat.eu\/pt-pt\/wp-json\/wp\/v2\/pages\/885\/revisions\/886"}],"wp:attachment":[{"href":"https:\/\/i-mat.eu\/pt-pt\/wp-json\/wp\/v2\/media?parent=885"}],"curies":[{"name":"wp","href":"https:\/\/api.w.org\/{rel}","templated":true}]}}