{"id":903,"date":"2024-06-06T20:24:37","date_gmt":"2024-06-06T20:24:37","guid":{"rendered":"https:\/\/i-mat.eu\/paquetes-de-trabajo\/"},"modified":"2025-05-26T17:13:06","modified_gmt":"2025-05-26T17:13:06","slug":"paquetes-de-trabajo","status":"publish","type":"page","link":"https:\/\/i-mat.eu\/es\/paquetes-de-trabajo\/","title":{"rendered":"Paquetes de trabajo"},"content":{"rendered":"\t\t<div data-elementor-type=\"wp-page\" data-elementor-id=\"903\" class=\"elementor elementor-903 elementor-25\" data-elementor-post-type=\"page\">\n\t\t\t\t<div class=\"elementor-element elementor-element-624986a e-flex e-con-boxed e-con e-parent\" data-id=\"624986a\" data-element_type=\"container\" data-e-type=\"container\" data-settings=\"{&quot;background_background&quot;:&quot;classic&quot;}\">\n\t\t\t\t\t<div class=\"e-con-inner\">\n\t\t\t\t<div class=\"elementor-element elementor-element-3e6132e elementor-widget elementor-widget-image\" data-id=\"3e6132e\" data-element_type=\"widget\" data-e-type=\"widget\" data-widget_type=\"image.default\">\n\t\t\t\t<div class=\"elementor-widget-container\">\n\t\t\t\t\t\t\t\t\t\t\t\t\t\t\t<img fetchpriority=\"high\" decoding=\"async\" width=\"1916\" height=\"640\" src=\"https:\/\/i-mat.eu\/wp-content\/uploads\/2024\/06\/BANNER_PROJECT.webp\" class=\"attachment-full size-full wp-image-810\" alt=\"\" srcset=\"https:\/\/i-mat.eu\/wp-content\/uploads\/2024\/06\/BANNER_PROJECT.webp 1916w, https:\/\/i-mat.eu\/wp-content\/uploads\/2024\/06\/BANNER_PROJECT-300x100.webp 300w, https:\/\/i-mat.eu\/wp-content\/uploads\/2024\/06\/BANNER_PROJECT-1024x342.webp 1024w, https:\/\/i-mat.eu\/wp-content\/uploads\/2024\/06\/BANNER_PROJECT-768x257.webp 768w, https:\/\/i-mat.eu\/wp-content\/uploads\/2024\/06\/BANNER_PROJECT-1536x513.webp 1536w\" sizes=\"(max-width: 1916px) 100vw, 1916px\" \/>\t\t\t\t\t\t\t\t\t\t\t\t\t\t\t<\/div>\n\t\t\t\t<\/div>\n\t\t\t\t\t<\/div>\n\t\t\t\t<\/div>\n\t\t<div class=\"elementor-element elementor-element-275865f e-flex e-con-boxed e-con e-parent\" data-id=\"275865f\" data-element_type=\"container\" data-e-type=\"container\">\n\t\t\t\t\t<div class=\"e-con-inner\">\n\t\t\t\t<div class=\"elementor-element elementor-element-257749c elementor-widget elementor-widget-heading\" data-id=\"257749c\" data-element_type=\"widget\" data-e-type=\"widget\" data-widget_type=\"heading.default\">\n\t\t\t\t<div class=\"elementor-widget-container\">\n\t\t\t\t\t<h1 class=\"elementor-heading-title elementor-size-default\">Paquetes de trabajo:\n<\/h1>\t\t\t\t<\/div>\n\t\t\t\t<\/div>\n\t\t\t\t<div class=\"elementor-element elementor-element-d294bdc elementor-tabs-view-vertical elementor-widget elementor-widget-tabs\" data-id=\"d294bdc\" data-element_type=\"widget\" data-e-type=\"widget\" data-widget_type=\"tabs.default\">\n\t\t\t\t<div class=\"elementor-widget-container\">\n\t\t\t\t\t\t\t<div class=\"elementor-tabs\">\n\t\t\t<div class=\"elementor-tabs-wrapper\" role=\"tablist\" >\n\t\t\t\t\t\t\t\t\t<div id=\"elementor-tab-title-2201\" class=\"elementor-tab-title elementor-tab-desktop-title\" aria-selected=\"true\" data-tab=\"1\" role=\"tab\" tabindex=\"0\" aria-controls=\"elementor-tab-content-2201\" aria-expanded=\"false\">PT1<\/div>\n\t\t\t\t\t\t\t\t\t<div id=\"elementor-tab-title-2202\" class=\"elementor-tab-title elementor-tab-desktop-title\" aria-selected=\"false\" data-tab=\"2\" role=\"tab\" tabindex=\"-1\" aria-controls=\"elementor-tab-content-2202\" aria-expanded=\"false\">PT2<\/div>\n\t\t\t\t\t\t\t\t\t<div id=\"elementor-tab-title-2203\" class=\"elementor-tab-title elementor-tab-desktop-title\" aria-selected=\"false\" data-tab=\"3\" role=\"tab\" tabindex=\"-1\" aria-controls=\"elementor-tab-content-2203\" aria-expanded=\"false\">PT3<\/div>\n\t\t\t\t\t\t\t\t\t<div id=\"elementor-tab-title-2204\" class=\"elementor-tab-title elementor-tab-desktop-title\" aria-selected=\"false\" data-tab=\"4\" role=\"tab\" tabindex=\"-1\" aria-controls=\"elementor-tab-content-2204\" aria-expanded=\"false\">PT4<\/div>\n\t\t\t\t\t\t\t\t\t<div id=\"elementor-tab-title-2205\" class=\"elementor-tab-title elementor-tab-desktop-title\" aria-selected=\"false\" data-tab=\"5\" role=\"tab\" tabindex=\"-1\" aria-controls=\"elementor-tab-content-2205\" aria-expanded=\"false\">PT5<\/div>\n\t\t\t\t\t\t\t\t\t<div id=\"elementor-tab-title-2206\" class=\"elementor-tab-title elementor-tab-desktop-title\" aria-selected=\"false\" data-tab=\"6\" role=\"tab\" tabindex=\"-1\" aria-controls=\"elementor-tab-content-2206\" aria-expanded=\"false\">PT7<\/div>\n\t\t\t\t\t\t\t<\/div>\n\t\t\t<div class=\"elementor-tabs-content-wrapper\" role=\"tablist\" aria-orientation=\"vertical\">\n\t\t\t\t\t\t\t\t\t<div class=\"elementor-tab-title elementor-tab-mobile-title\" aria-selected=\"true\" data-tab=\"1\" role=\"tab\" tabindex=\"0\" aria-controls=\"elementor-tab-content-2201\" aria-expanded=\"false\">PT1<\/div>\n\t\t\t\t\t<div id=\"elementor-tab-content-2201\" class=\"elementor-tab-content elementor-clearfix\" data-tab=\"1\" role=\"tabpanel\" aria-labelledby=\"elementor-tab-title-2201\" tabindex=\"0\" hidden=\"false\"><h2>Gesti\u00f3n y coordinaci\u00f3n del proyecto<\/h2>\n<p><strong>L\u00edder:<\/strong> ULisboa<\/p>\n<p><strong>Objetivos:<\/strong><\/p>\n<ul>\n<li>Implementar la gesti\u00f3n financiera y administrativa necesaria del proyecto.<\/li>\n<li>Realizar informes de evaluaci\u00f3n de calidad y seguimiento del proyecto y sus actividades.<\/li>\n<\/ul>\n<\/div>\n\t\t\t\t\t\t\t\t\t<div class=\"elementor-tab-title elementor-tab-mobile-title\" aria-selected=\"false\" data-tab=\"2\" role=\"tab\" tabindex=\"-1\" aria-controls=\"elementor-tab-content-2202\" aria-expanded=\"false\">PT2<\/div>\n\t\t\t\t\t<div id=\"elementor-tab-content-2202\" class=\"elementor-tab-content elementor-clearfix\" data-tab=\"2\" role=\"tabpanel\" aria-labelledby=\"elementor-tab-title-2202\" tabindex=\"0\" hidden=\"hidden\"><h2>Preparaci\u00f3n \u2013 informe de situaci\u00f3n basado en condiciones y necesidades preidentificadas<\/h2>\n<p><strong>L\u00edder:<\/strong> Vilnius tech<\/p>\n<p><strong>Objetivos:<\/strong><\/p>\n<ul>\n<li>Elaborar un informe de situaci\u00f3n basado en las condiciones y necesidades preidentificadas de los pa\u00edses de AL involucrados sobre la participaci\u00f3n de estudiantes, personal acad\u00e9mico y no acad\u00e9mico en la Movilidad Internacional.<\/li>\n<\/ul>\n<\/div>\n\t\t\t\t\t\t\t\t\t<div class=\"elementor-tab-title elementor-tab-mobile-title\" aria-selected=\"false\" data-tab=\"3\" role=\"tab\" tabindex=\"-1\" aria-controls=\"elementor-tab-content-2203\" aria-expanded=\"false\">PT3<\/div>\n\t\t\t\t\t<div id=\"elementor-tab-content-2203\" class=\"elementor-tab-content elementor-clearfix\" data-tab=\"3\" role=\"tabpanel\" aria-labelledby=\"elementor-tab-title-2203\" tabindex=\"0\" hidden=\"hidden\"><h2>Desarrollo \u2013 herramientas innovadoras para atraer a estudiantes, personal acad\u00e9mico y no acad\u00e9mico para la movilidad internacional<\/h2>\n<p><strong>L\u00edder:<\/strong> UCSP<\/p>\n<p><strong>Objetivos:<\/strong><\/p>\n<ul>\n<li>Crear el Cat\u00e1logo de Herramientas de las mejores pr\u00e1cticas europeas para atraer a estudiantes, personal acad\u00e9mico y no acad\u00e9mico para la movilidad internacional, operado por las universidades asociadas europeas.<\/li>\n<li>Adaptar el Cat\u00e1logo de Herramientas a las instituciones de educaci\u00f3n superior objetivo \u2013 Am\u00e9rica Latina (primera versi\u00f3n).<\/li>\n<li>Organizar e implementar el Taller Piloto sobre la primera versi\u00f3n del Cat\u00e1logo de Herramientas.<\/li>\n<\/ul>\n<\/div>\n\t\t\t\t\t\t\t\t\t<div class=\"elementor-tab-title elementor-tab-mobile-title\" aria-selected=\"false\" data-tab=\"4\" role=\"tab\" tabindex=\"-1\" aria-controls=\"elementor-tab-content-2204\" aria-expanded=\"false\">PT4<\/div>\n\t\t\t\t\t<div id=\"elementor-tab-content-2204\" class=\"elementor-tab-content elementor-clearfix\" data-tab=\"4\" role=\"tabpanel\" aria-labelledby=\"elementor-tab-title-2204\" tabindex=\"0\" hidden=\"hidden\"><h2>Desarrollo \u2013 aplicaci\u00f3n interactiva de movilidad internacional \u201ci-MOB\u201d<\/h2>\n<p><strong>L\u00edder:<\/strong> AGH-UST<\/p>\n<p><strong>Objetivos:<\/strong><\/p>\n<ul>\n<li>Dise\u00f1ar y crear una aplicaci\u00f3n innovadora para promover el atractivo de los estudiantes, personal acad\u00e9mico y no acad\u00e9mico para la movilidad internacional.<\/li>\n<\/ul>\n<\/div>\n\t\t\t\t\t\t\t\t\t<div class=\"elementor-tab-title elementor-tab-mobile-title\" aria-selected=\"false\" data-tab=\"5\" role=\"tab\" tabindex=\"-1\" aria-controls=\"elementor-tab-content-2205\" aria-expanded=\"false\">PT5<\/div>\n\t\t\t\t\t<div id=\"elementor-tab-content-2205\" class=\"elementor-tab-content elementor-clearfix\" data-tab=\"5\" role=\"tabpanel\" aria-labelledby=\"elementor-tab-title-2205\" tabindex=\"0\" hidden=\"hidden\"><h2>Desarrollo \u2013 programas de formaci\u00f3n<\/h2>\n<p><strong>L\u00edder:<\/strong> ulisboa<\/p>\n<p><strong>Objetivos:<\/strong><\/p>\n<ul>\n<li>Crear e implementar un marco de formaci\u00f3n para fortalecer la capacidad de las IES de AL en la atracci\u00f3n de estudiantes y personal acad\u00e9mico y no acad\u00e9mico a iniciativas de movilidad, a trav\u00e9s de enfoques digitales e innovadores.<\/li>\n<\/ul>\n<\/div>\n\t\t\t\t\t\t\t\t\t<div class=\"elementor-tab-title elementor-tab-mobile-title\" aria-selected=\"false\" data-tab=\"6\" role=\"tab\" tabindex=\"-1\" aria-controls=\"elementor-tab-content-2206\" aria-expanded=\"false\">PT7<\/div>\n\t\t\t\t\t<div id=\"elementor-tab-content-2206\" class=\"elementor-tab-content elementor-clearfix\" data-tab=\"6\" role=\"tabpanel\" aria-labelledby=\"elementor-tab-title-2206\" tabindex=\"0\" hidden=\"hidden\"><h2>Impacto y difusi\u00f3n \u2013 contenido promocional del proyecto, difusi\u00f3n y sostenibilidad<\/h2>\n<p><strong>L\u00edder:<\/strong> uniandes<\/p>\n<p><strong>Objetivos:<\/strong><\/p>\n<ul>\n<li>Nivel de microdifusi\u00f3n: identificar a los usuarios objetivo primarios locales (actores de las IES asociadas) &#8211; estudiantes, personal administrativo y acad\u00e9mico, con roles relacionados con la internacionalizaci\u00f3n.<\/li>\n<li>Nivel de macrodifusi\u00f3n: identificar el conjunto m\u00e1s amplio de actores (organismos gubernamentales, redes universitarias nacionales, universidades dentro del mismo pa\u00eds\/regi\u00f3n, organizaciones privadas), que ser\u00e1n alcanzados mediante la publicaci\u00f3n de todos los resultados del proyecto a trav\u00e9s de eventos nacionales, conferencias nacionales e internacionales, boletines informativos, comunicados de prensa y el sitio web del Proyecto.<\/li>\n<\/ul>\n<\/div>\n\t\t\t\t\t\t\t<\/div>\n\t\t<\/div>\n\t\t\t\t\t\t<\/div>\n\t\t\t\t<\/div>\n\t\t\t\t\t<\/div>\n\t\t\t\t<\/div>\n\t\t\t\t<\/div>\n\t\t","protected":false},"excerpt":{"rendered":"<p>Paquetes de trabajo: PT1 PT2 PT3 PT4 PT5 PT7 PT1 Gesti\u00f3n y coordinaci\u00f3n del proyecto L\u00edder: ULisboa Objetivos: Implementar la gesti\u00f3n financiera y administrativa necesaria del proyecto. Realizar informes de evaluaci\u00f3n de calidad y seguimiento del proyecto y sus actividades. PT2 Preparaci\u00f3n \u2013 informe de situaci\u00f3n basado en condiciones y necesidades preidentificadas L\u00edder: Vilnius tech [&hellip;]<\/p>\n","protected":false},"author":1,"featured_media":0,"parent":0,"menu_order":0,"comment_status":"closed","ping_status":"closed","template":"","meta":{"footnotes":""},"class_list":["post-903","page","type-page","status-publish","hentry"],"_links":{"self":[{"href":"https:\/\/i-mat.eu\/es\/wp-json\/wp\/v2\/pages\/903","targetHints":{"allow":["GET"]}}],"collection":[{"href":"https:\/\/i-mat.eu\/es\/wp-json\/wp\/v2\/pages"}],"about":[{"href":"https:\/\/i-mat.eu\/es\/wp-json\/wp\/v2\/types\/page"}],"author":[{"embeddable":true,"href":"https:\/\/i-mat.eu\/es\/wp-json\/wp\/v2\/users\/1"}],"replies":[{"embeddable":true,"href":"https:\/\/i-mat.eu\/es\/wp-json\/wp\/v2\/comments?post=903"}],"version-history":[{"count":1,"href":"https:\/\/i-mat.eu\/es\/wp-json\/wp\/v2\/pages\/903\/revisions"}],"predecessor-version":[{"id":904,"href":"https:\/\/i-mat.eu\/es\/wp-json\/wp\/v2\/pages\/903\/revisions\/904"}],"wp:attachment":[{"href":"https:\/\/i-mat.eu\/es\/wp-json\/wp\/v2\/media?parent=903"}],"curies":[{"name":"wp","href":"https:\/\/api.w.org\/{rel}","templated":true}]}}