{"id":895,"date":"2024-06-06T20:23:35","date_gmt":"2024-06-06T20:23:35","guid":{"rendered":"https:\/\/i-mat.eu\/proyecto\/"},"modified":"2025-05-26T17:09:43","modified_gmt":"2025-05-26T17:09:43","slug":"proyecto","status":"publish","type":"page","link":"https:\/\/i-mat.eu\/es\/proyecto\/","title":{"rendered":"Proyecto"},"content":{"rendered":"\t\t<div data-elementor-type=\"wp-page\" data-elementor-id=\"895\" class=\"elementor elementor-895 elementor-18\" data-elementor-post-type=\"page\">\n\t\t\t\t<div class=\"elementor-element elementor-element-149b79d e-flex e-con-boxed e-con e-parent\" data-id=\"149b79d\" data-element_type=\"container\" data-e-type=\"container\" data-settings=\"{&quot;background_background&quot;:&quot;classic&quot;}\">\n\t\t\t\t\t<div class=\"e-con-inner\">\n\t\t\t\t<div class=\"elementor-element elementor-element-fcee71e elementor-widget elementor-widget-image\" data-id=\"fcee71e\" data-element_type=\"widget\" data-e-type=\"widget\" data-widget_type=\"image.default\">\n\t\t\t\t<div class=\"elementor-widget-container\">\n\t\t\t\t\t\t\t\t\t\t\t\t\t\t\t<img fetchpriority=\"high\" decoding=\"async\" width=\"1916\" height=\"640\" src=\"http:\/\/i-mat.eu\/wp-content\/uploads\/2024\/06\/BANNER_PROJECT.webp\" class=\"attachment-full size-full wp-image-810\" alt=\"\" srcset=\"http:\/\/i-mat.eu\/wp-content\/uploads\/2024\/06\/BANNER_PROJECT.webp 1916w, http:\/\/i-mat.eu\/wp-content\/uploads\/2024\/06\/BANNER_PROJECT-300x100.webp 300w, http:\/\/i-mat.eu\/wp-content\/uploads\/2024\/06\/BANNER_PROJECT-1024x342.webp 1024w, http:\/\/i-mat.eu\/wp-content\/uploads\/2024\/06\/BANNER_PROJECT-768x257.webp 768w, http:\/\/i-mat.eu\/wp-content\/uploads\/2024\/06\/BANNER_PROJECT-1536x513.webp 1536w\" sizes=\"(max-width: 1916px) 100vw, 1916px\" \/>\t\t\t\t\t\t\t\t\t\t\t\t\t\t\t<\/div>\n\t\t\t\t<\/div>\n\t\t\t\t\t<\/div>\n\t\t\t\t<\/div>\n\t\t<div class=\"elementor-element elementor-element-4d97fab e-flex e-con-boxed e-con e-parent\" data-id=\"4d97fab\" data-element_type=\"container\" data-e-type=\"container\">\n\t\t\t\t\t<div class=\"e-con-inner\">\n\t\t\t\t<div class=\"elementor-element elementor-element-44777dd elementor-widget elementor-widget-heading\" data-id=\"44777dd\" data-element_type=\"widget\" data-e-type=\"widget\" data-widget_type=\"heading.default\">\n\t\t\t\t<div class=\"elementor-widget-container\">\n\t\t\t\t\t<h1 class=\"elementor-heading-title elementor-size-default\">Acerca de<\/h1>\t\t\t\t<\/div>\n\t\t\t\t<\/div>\n\t\t\t\t<div class=\"elementor-element elementor-element-9d39d3d elementor-widget elementor-widget-text-editor\" data-id=\"9d39d3d\" data-element_type=\"widget\" data-e-type=\"widget\" data-widget_type=\"text-editor.default\">\n\t\t\t\t<div class=\"elementor-widget-container\">\n\t\t\t\t\t\t\t\t\t<p>Innovative Mobility Attracting Tools for Latin America (I-MAT) naci\u00f3 durante una experiencia internacional compartida que tuvo lugar en otro pa\u00eds, en otro continente. Esta fue la oportunidad perfecta para sembrar las primeras semillas que dar\u00edan forma a nuestra idea.<\/p><p>\u00bfQu\u00e9 problemas son apremiantes en la atracci\u00f3n de estudiantes y personal acad\u00e9mico y no acad\u00e9mico para experimentar oportunidades de movilidad? \u00bfD\u00f3nde puede esta acci\u00f3n mejorar las capacidades de gesti\u00f3n y administraci\u00f3n de las oficinas de relaciones internacionales y su estrategia de internacionalizaci\u00f3n? \u00bfC\u00f3mo podemos empoderar a estas organizaciones para apoyar la movilidad de estudiantes y personal? Con estas preguntas iniciales, la idea de I-MAT comenz\u00f3 a crecer.<\/p><p>Las nueve instituciones que participan en I-MAT provienen de 6 pa\u00edses: Brasil, Colombia, Lituania, Polonia, Portugal y Per\u00fa. La red y colaboraciones ya existentes entre estas instituciones fueron elementos clave al dise\u00f1ar los socios del consorcio para el proyecto, aumentando la motivaci\u00f3n dentro de los objetivos del proyecto, la transferencia de conocimientos, experiencias y buenas pr\u00e1cticas.<\/p><p>Se espera que las actividades planificadas cumplan con las prioridades generales para Am\u00e9rica Latina, contribuyendo a la transformaci\u00f3n digital de las Instituciones de Educaci\u00f3n Superior involucradas, aumentando la competitividad, reduciendo la brecha digital y desarrollando la alfabetizaci\u00f3n y habilidades digitales.<\/p><p>I-MAT reunir\u00e1 a actores europeos experimentados en el \u00e1rea de movilidad internacional y cooperaci\u00f3n, quienes contribuir\u00e1n con su sustancial conocimiento y experiencia en estos asuntos, para comprender y apoyar mejor a las Instituciones de Educaci\u00f3n Superior socias de Am\u00e9rica Latina (Per\u00fa, Brasil y Colombia) en la atracci\u00f3n de estudiantes y personal acad\u00e9mico y no acad\u00e9mico a iniciativas de movilidad a trav\u00e9s de enfoques digitales e innovadores.<\/p><p><strong>Luis A. Moreira (Coordinador de I-MAT) y Joanne Laranjeiro (Gerente de Proyecto de I-MAT)<\/strong><\/p>\t\t\t\t\t\t\t\t<\/div>\n\t\t\t\t<\/div>\n\t\t\t\t\t<\/div>\n\t\t\t\t<\/div>\n\t\t\t\t<\/div>\n\t\t","protected":false},"excerpt":{"rendered":"<p>Acerca de Innovative Mobility Attracting Tools for Latin America (I-MAT) naci\u00f3 durante una experiencia internacional compartida que tuvo lugar en otro pa\u00eds, en otro continente. Esta fue la oportunidad perfecta para sembrar las primeras semillas que dar\u00edan forma a nuestra idea. \u00bfQu\u00e9 problemas son apremiantes en la atracci\u00f3n de estudiantes y personal acad\u00e9mico y no [&hellip;]<\/p>\n","protected":false},"author":1,"featured_media":810,"parent":0,"menu_order":0,"comment_status":"closed","ping_status":"closed","template":"","meta":{"footnotes":""},"class_list":["post-895","page","type-page","status-publish","has-post-thumbnail","hentry"],"_links":{"self":[{"href":"https:\/\/i-mat.eu\/es\/wp-json\/wp\/v2\/pages\/895","targetHints":{"allow":["GET"]}}],"collection":[{"href":"https:\/\/i-mat.eu\/es\/wp-json\/wp\/v2\/pages"}],"about":[{"href":"https:\/\/i-mat.eu\/es\/wp-json\/wp\/v2\/types\/page"}],"author":[{"embeddable":true,"href":"https:\/\/i-mat.eu\/es\/wp-json\/wp\/v2\/users\/1"}],"replies":[{"embeddable":true,"href":"https:\/\/i-mat.eu\/es\/wp-json\/wp\/v2\/comments?post=895"}],"version-history":[{"count":1,"href":"https:\/\/i-mat.eu\/es\/wp-json\/wp\/v2\/pages\/895\/revisions"}],"predecessor-version":[{"id":896,"href":"https:\/\/i-mat.eu\/es\/wp-json\/wp\/v2\/pages\/895\/revisions\/896"}],"wp:featuredmedia":[{"embeddable":true,"href":"https:\/\/i-mat.eu\/es\/wp-json\/wp\/v2\/media\/810"}],"wp:attachment":[{"href":"https:\/\/i-mat.eu\/es\/wp-json\/wp\/v2\/media?parent=895"}],"curies":[{"name":"wp","href":"https:\/\/api.w.org\/{rel}","templated":true}]}}